{"id":3294,"date":"2018-08-28T08:09:10","date_gmt":"2018-08-28T05:09:10","guid":{"rendered":"https:\/\/texpera.com\/f-a-q\/"},"modified":"2024-05-01T16:06:52","modified_gmt":"2024-05-01T13:06:52","slug":"f-a-q","status":"publish","type":"page","link":"https:\/\/texpera.com\/en\/f-a-q\/","title":{"rendered":"F.A.Q"},"content":{"rendered":"\t\t<div data-elementor-type=\"wp-post\" data-elementor-id=\"3294\" class=\"elementor elementor-3294 elementor-341\">\n\t\t\t\t\t\t<div class=\"elementor-section elementor-top-section elementor-element elementor-element-1792e3e elementor-section-boxed elementor-section-height-default elementor-section-height-default rt-parallax-bg-no\" data-id=\"1792e3e\" data-element_type=\"section\">\n\t\t\t\t\t\t<div class=\"elementor-container elementor-column-gap-default\">\n\t\t\t\t\t<div class=\"elementor-column elementor-col-100 elementor-top-column elementor-element elementor-element-2eb78f4\" data-id=\"2eb78f4\" data-element_type=\"column\">\n\t\t\t<div class=\"elementor-widget-wrap elementor-element-populated\">\n\t\t\t\t\t\t<div class=\"elementor-element elementor-element-201b6aa elementor-widget elementor-widget-heading\" data-id=\"201b6aa\" data-element_type=\"widget\" data-widget_type=\"heading.default\">\n\t\t\t\t<div class=\"elementor-widget-container\">\n\t\t\t<h3 class=\"elementor-heading-title elementor-size-default\">Frequently Asked Questions<\/h3>\t\t<\/div>\n\t\t\t\t<\/div>\n\t\t\t\t\t<\/div>\n\t\t<\/div>\n\t\t\t\t\t<\/div>\n\t\t<\/div>\n\t\t\t\t<div class=\"elementor-section elementor-top-section elementor-element elementor-element-78806a9 elementor-section-boxed elementor-section-height-default elementor-section-height-default rt-parallax-bg-no\" data-id=\"78806a9\" data-element_type=\"section\">\n\t\t\t\t\t\t<div class=\"elementor-container elementor-column-gap-default\">\n\t\t\t\t\t<div class=\"elementor-column elementor-col-100 elementor-top-column elementor-element elementor-element-2517875\" data-id=\"2517875\" data-element_type=\"column\">\n\t\t\t<div class=\"elementor-widget-wrap elementor-element-populated\">\n\t\t\t\t\t\t<div class=\"elementor-element elementor-element-8509ea3 elementor-widget elementor-widget-rt-accordian\" data-id=\"8509ea3\" data-element_type=\"widget\" data-widget_type=\"rt-accordian.default\">\n\t\t\t\t<div class=\"elementor-widget-container\">\n\t\t\t<div class=\"rt-el-accordian\">\r\n\t<div class=\"accordion\" id=\"u-0-16679400-1776011219\">\r\n\t\t\t\t\t\t\t\t<div class=\"card\">\r\n\t\t\t\t<div class=\"card-header\">\r\n\t\t\t\t\t<a href=\"#\" class=\"collapsed\" data-toggle=\"collapse\" data-target=\"#u-0-16680600-1776011219\" aria-expanded=\"true\"> 1. Texpera nedir?<\/a>\r\n\t\t\t\t<\/div>\r\n\t\t\t\t<div id=\"u-0-16680600-1776011219\" class=\"collapse\" data-parent=\"#u-0-16679400-1776011219\">\r\n\t\t\t\t\t<div class=\"card-body\"><p>Texpera\u00ae, tekstil sekt\u00f6r\u00fcn\u00fcn t\u00fcm bile\u015fenlerini bir araya getiren bir platformdur. Texpera\u2019n\u0131n amac\u0131, sekt\u00f6rde aranan hizmetlere ve \u00fcr\u00fcnlere kolay eri\u015fim sa\u011flamakt\u0131r. Ayn\u0131 zamanda bu \u00fcr\u00fcnleri satan ve hizmetleri sa\u011flayan ki\u015filere kendini tan\u0131tma f\u0131rsat\u0131 verir. Sat\u0131c\u0131lar \u00fcr\u00fcnlerini daha kolay sat\u0131p m\u00fc\u015fteri portf\u00f6y\u00fcn\u00fc geni\u015fletirken, al\u0131c\u0131lar en iyi fiyatlara ve en kaliteli hizmetlere eri\u015fir.<\/p><\/div>\r\n\t\t\t\t<\/div>\r\n\t\t\t<\/div>\r\n\t\t\t\t\t\t\t\t<div class=\"card\">\r\n\t\t\t\t<div class=\"card-header\">\r\n\t\t\t\t\t<a href=\"#\" class=\"collapsed\" data-toggle=\"collapse\" data-target=\"#u-0-16689500-1776011219\" aria-expanded=\"true\"> 2. Nas\u0131l \u0130lan Payla\u015f\u0131r\u0131m?<\/a>\r\n\t\t\t\t<\/div>\r\n\t\t\t\t<div id=\"u-0-16689500-1776011219\" class=\"collapse\" data-parent=\"#u-0-16679400-1776011219\">\r\n\t\t\t\t\t<div class=\"card-body\"><h4>Nas\u0131l \u0130lan Payla\u015f\u0131r\u0131m?<\/h4><p>\u00a0<\/p><\/div>\r\n\t\t\t\t<\/div>\r\n\t\t\t<\/div>\r\n\t\t\t\t\t\t\t\t<div class=\"card\">\r\n\t\t\t\t<div class=\"card-header\">\r\n\t\t\t\t\t<a href=\"#\" class=\"collapsed\" data-toggle=\"collapse\" data-target=\"#u-0-16694100-1776011219\" aria-expanded=\"true\"> 3. \u0130lan s\u00fcrem bitince ne olur?<\/a>\r\n\t\t\t\t<\/div>\r\n\t\t\t\t<div id=\"u-0-16694100-1776011219\" class=\"collapse\" data-parent=\"#u-0-16679400-1776011219\">\r\n\t\t\t\t\t<div class=\"card-body\"><h4>\u0130lan s\u00fcrem bitince ne olur?<\/h4><p>\u00a0<\/p><\/div>\r\n\t\t\t\t<\/div>\r\n\t\t\t<\/div>\r\n\t\t\t\t\t\t\t\t<div class=\"card\">\r\n\t\t\t\t<div class=\"card-header\">\r\n\t\t\t\t\t<a href=\"#\" class=\"collapsed\" data-toggle=\"collapse\" data-target=\"#u-0-16697700-1776011219\" aria-expanded=\"true\"> 4. Nas\u0131l ilan paketi sat\u0131n alabilirim?<\/a>\r\n\t\t\t\t<\/div>\r\n\t\t\t\t<div id=\"u-0-16697700-1776011219\" class=\"collapse\" data-parent=\"#u-0-16679400-1776011219\">\r\n\t\t\t\t\t<div class=\"card-body\"><h4>Nas\u0131l ilan paketi sat\u0131n alabilirim?<\/h4><p>\u00a0<\/p><\/div>\r\n\t\t\t\t<\/div>\r\n\t\t\t<\/div>\r\n\t\t\t\t\t\t\t\t<div class=\"card\">\r\n\t\t\t\t<div class=\"card-header\">\r\n\t\t\t\t\t<a href=\"#\" class=\"collapsed\" data-toggle=\"collapse\" data-target=\"#u-0-16701200-1776011219\" aria-expanded=\"true\"> 5. Paketler i\u00e7in \u00f6deme altyap\u0131s\u0131<\/a>\r\n\t\t\t\t<\/div>\r\n\t\t\t\t<div id=\"u-0-16701200-1776011219\" class=\"collapse\" data-parent=\"#u-0-16679400-1776011219\">\r\n\t\t\t\t\t<div class=\"card-body\"><h4>Paketler i\u00e7in \u00f6deme altyap\u0131s\u0131<\/h4><p>\u00a0<\/p><\/div>\r\n\t\t\t\t<\/div>\r\n\t\t\t<\/div>\r\n\t\t\t<\/div>\r\n<\/div>\t\t<\/div>\n\t\t\t\t<\/div>\n\t\t\t\t\t<\/div>\n\t\t<\/div>\n\t\t\t\t\t<\/div>\n\t\t<\/div>\n\t\t\t\t<\/div>\n\t\t","protected":false},"excerpt":{"rendered":"<p>Frequently Asked Questions 1. Texpera nedir? Texpera\u00ae, tekstil sekt\u00f6r\u00fcn\u00fcn t\u00fcm bile\u015fenlerini bir araya getiren bir platformdur. Texpera\u2019n\u0131n amac\u0131, sekt\u00f6rde aranan hizmetlere ve \u00fcr\u00fcnlere kolay eri\u015fim sa\u011flamakt\u0131r. Ayn\u0131 zamanda bu \u00fcr\u00fcnleri satan ve hizmetleri sa\u011flayan ki\u015filere kendini tan\u0131tma f\u0131rsat\u0131 verir. Sat\u0131c\u0131lar \u00fcr\u00fcnlerini daha kolay sat\u0131p m\u00fc\u015fteri portf\u00f6y\u00fcn\u00fc geni\u015fletirken, al\u0131c\u0131lar en iyi fiyatlara ve en kaliteli hizmetlere &#8230;<\/p>\n","protected":false},"author":1,"featured_media":0,"parent":0,"menu_order":0,"comment_status":"closed","ping_status":"closed","template":"","meta":{"_rtcl_gb_attr":"","footnotes":""},"yoast_head":"<!-- This site is optimized with the Yoast SEO plugin v22.9 - https:\/\/yoast.com\/wordpress\/plugins\/seo\/ -->\n<title>F.A.Q - Texpera<\/title>\n<meta name=\"robots\" content=\"index, follow, max-snippet:-1, max-image-preview:large, max-video-preview:-1\" \/>\n<link rel=\"canonical\" href=\"https:\/\/texpera.com\/en\/f-a-q\/\" \/>\n<meta property=\"og:locale\" content=\"en_US\" \/>\n<meta property=\"og:type\" content=\"article\" \/>\n<meta property=\"og:title\" content=\"F.A.Q - Texpera\" \/>\n<meta property=\"og:description\" content=\"Frequently Asked Questions 1. Texpera nedir? Texpera\u00ae, tekstil sekt\u00f6r\u00fcn\u00fcn t\u00fcm bile\u015fenlerini bir araya getiren bir platformdur. Texpera\u2019n\u0131n amac\u0131, sekt\u00f6rde aranan hizmetlere ve \u00fcr\u00fcnlere kolay eri\u015fim sa\u011flamakt\u0131r. Ayn\u0131 zamanda bu \u00fcr\u00fcnleri satan ve hizmetleri sa\u011flayan ki\u015filere kendini tan\u0131tma f\u0131rsat\u0131 verir. Sat\u0131c\u0131lar \u00fcr\u00fcnlerini daha kolay sat\u0131p m\u00fc\u015fteri portf\u00f6y\u00fcn\u00fc geni\u015fletirken, al\u0131c\u0131lar en iyi fiyatlara ve en kaliteli hizmetlere ...\" \/>\n<meta property=\"og:url\" content=\"https:\/\/texpera.com\/en\/f-a-q\/\" \/>\n<meta property=\"og:site_name\" content=\"Texpera\" \/>\n<meta property=\"article:publisher\" content=\"https:\/\/www.facebook.com\/texpera\/\" \/>\n<meta property=\"article:modified_time\" content=\"2024-05-01T13:06:52+00:00\" \/>\n<meta name=\"twitter:card\" content=\"summary_large_image\" \/>\n<meta name=\"twitter:site\" content=\"@texperacom\" \/>\n<meta name=\"twitter:label1\" content=\"Est. reading time\" \/>\n\t<meta name=\"twitter:data1\" content=\"1 minute\" \/>\n<script type=\"application\/ld+json\" class=\"yoast-schema-graph\">{\"@context\":\"https:\/\/schema.org\",\"@graph\":[{\"@type\":\"WebPage\",\"@id\":\"https:\/\/texpera.com\/en\/f-a-q\/\",\"url\":\"https:\/\/texpera.com\/en\/f-a-q\/\",\"name\":\"F.A.Q - Texpera\",\"isPartOf\":{\"@id\":\"https:\/\/texpera.com\/en\/#website\"},\"datePublished\":\"2018-08-28T05:09:10+00:00\",\"dateModified\":\"2024-05-01T13:06:52+00:00\",\"breadcrumb\":{\"@id\":\"https:\/\/texpera.com\/en\/f-a-q\/#breadcrumb\"},\"inLanguage\":\"en-US\",\"potentialAction\":[{\"@type\":\"ReadAction\",\"target\":[\"https:\/\/texpera.com\/en\/f-a-q\/\"]}]},{\"@type\":\"BreadcrumbList\",\"@id\":\"https:\/\/texpera.com\/en\/f-a-q\/#breadcrumb\",\"itemListElement\":[{\"@type\":\"ListItem\",\"position\":1,\"name\":\"Anasayfa\",\"item\":\"https:\/\/texpera.com\/en\/\"},{\"@type\":\"ListItem\",\"position\":2,\"name\":\"F.A.Q\"}]},{\"@type\":\"WebSite\",\"@id\":\"https:\/\/texpera.com\/en\/#website\",\"url\":\"https:\/\/texpera.com\/en\/\",\"name\":\"Texpera\",\"description\":\"Tekstilin al-sat adresi\",\"publisher\":{\"@id\":\"https:\/\/texpera.com\/en\/#organization\"},\"potentialAction\":[{\"@type\":\"SearchAction\",\"target\":{\"@type\":\"EntryPoint\",\"urlTemplate\":\"https:\/\/texpera.com\/en\/?s={search_term_string}\"},\"query-input\":\"required name=search_term_string\"}],\"inLanguage\":\"en-US\"},{\"@type\":\"Organization\",\"@id\":\"https:\/\/texpera.com\/en\/#organization\",\"name\":\"Texpera\",\"url\":\"https:\/\/texpera.com\/en\/\",\"logo\":{\"@type\":\"ImageObject\",\"inLanguage\":\"en-US\",\"@id\":\"https:\/\/texpera.com\/en\/#\/schema\/logo\/image\/\",\"url\":\"https:\/\/texpera.com\/wp-content\/uploads\/2023\/09\/Basliksiz-1.png\",\"contentUrl\":\"https:\/\/texpera.com\/wp-content\/uploads\/2023\/09\/Basliksiz-1.png\",\"width\":465,\"height\":103,\"caption\":\"Texpera\"},\"image\":{\"@id\":\"https:\/\/texpera.com\/en\/#\/schema\/logo\/image\/\"},\"sameAs\":[\"https:\/\/www.facebook.com\/texpera\/\",\"https:\/\/x.com\/texperacom\",\"https:\/\/www.instagram.com\/texperacom\/\"]}]}<\/script>\n<!-- \/ Yoast SEO plugin. -->","yoast_head_json":{"title":"F.A.Q - Texpera","robots":{"index":"index","follow":"follow","max-snippet":"max-snippet:-1","max-image-preview":"max-image-preview:large","max-video-preview":"max-video-preview:-1"},"canonical":"https:\/\/texpera.com\/en\/f-a-q\/","og_locale":"en_US","og_type":"article","og_title":"F.A.Q - Texpera","og_description":"Frequently Asked Questions 1. Texpera nedir? Texpera\u00ae, tekstil sekt\u00f6r\u00fcn\u00fcn t\u00fcm bile\u015fenlerini bir araya getiren bir platformdur. Texpera\u2019n\u0131n amac\u0131, sekt\u00f6rde aranan hizmetlere ve \u00fcr\u00fcnlere kolay eri\u015fim sa\u011flamakt\u0131r. Ayn\u0131 zamanda bu \u00fcr\u00fcnleri satan ve hizmetleri sa\u011flayan ki\u015filere kendini tan\u0131tma f\u0131rsat\u0131 verir. Sat\u0131c\u0131lar \u00fcr\u00fcnlerini daha kolay sat\u0131p m\u00fc\u015fteri portf\u00f6y\u00fcn\u00fc geni\u015fletirken, al\u0131c\u0131lar en iyi fiyatlara ve en kaliteli hizmetlere ...","og_url":"https:\/\/texpera.com\/en\/f-a-q\/","og_site_name":"Texpera","article_publisher":"https:\/\/www.facebook.com\/texpera\/","article_modified_time":"2024-05-01T13:06:52+00:00","twitter_card":"summary_large_image","twitter_site":"@texperacom","twitter_misc":{"Est. reading time":"1 minute"},"schema":{"@context":"https:\/\/schema.org","@graph":[{"@type":"WebPage","@id":"https:\/\/texpera.com\/en\/f-a-q\/","url":"https:\/\/texpera.com\/en\/f-a-q\/","name":"F.A.Q - Texpera","isPartOf":{"@id":"https:\/\/texpera.com\/en\/#website"},"datePublished":"2018-08-28T05:09:10+00:00","dateModified":"2024-05-01T13:06:52+00:00","breadcrumb":{"@id":"https:\/\/texpera.com\/en\/f-a-q\/#breadcrumb"},"inLanguage":"en-US","potentialAction":[{"@type":"ReadAction","target":["https:\/\/texpera.com\/en\/f-a-q\/"]}]},{"@type":"BreadcrumbList","@id":"https:\/\/texpera.com\/en\/f-a-q\/#breadcrumb","itemListElement":[{"@type":"ListItem","position":1,"name":"Anasayfa","item":"https:\/\/texpera.com\/en\/"},{"@type":"ListItem","position":2,"name":"F.A.Q"}]},{"@type":"WebSite","@id":"https:\/\/texpera.com\/en\/#website","url":"https:\/\/texpera.com\/en\/","name":"Texpera","description":"Tekstilin al-sat adresi","publisher":{"@id":"https:\/\/texpera.com\/en\/#organization"},"potentialAction":[{"@type":"SearchAction","target":{"@type":"EntryPoint","urlTemplate":"https:\/\/texpera.com\/en\/?s={search_term_string}"},"query-input":"required name=search_term_string"}],"inLanguage":"en-US"},{"@type":"Organization","@id":"https:\/\/texpera.com\/en\/#organization","name":"Texpera","url":"https:\/\/texpera.com\/en\/","logo":{"@type":"ImageObject","inLanguage":"en-US","@id":"https:\/\/texpera.com\/en\/#\/schema\/logo\/image\/","url":"https:\/\/texpera.com\/wp-content\/uploads\/2023\/09\/Basliksiz-1.png","contentUrl":"https:\/\/texpera.com\/wp-content\/uploads\/2023\/09\/Basliksiz-1.png","width":465,"height":103,"caption":"Texpera"},"image":{"@id":"https:\/\/texpera.com\/en\/#\/schema\/logo\/image\/"},"sameAs":["https:\/\/www.facebook.com\/texpera\/","https:\/\/x.com\/texperacom","https:\/\/www.instagram.com\/texperacom\/"]}]}},"_links":{"self":[{"href":"https:\/\/texpera.com\/en\/wp-json\/wp\/v2\/pages\/3294"}],"collection":[{"href":"https:\/\/texpera.com\/en\/wp-json\/wp\/v2\/pages"}],"about":[{"href":"https:\/\/texpera.com\/en\/wp-json\/wp\/v2\/types\/page"}],"author":[{"embeddable":true,"href":"https:\/\/texpera.com\/en\/wp-json\/wp\/v2\/users\/1"}],"replies":[{"embeddable":true,"href":"https:\/\/texpera.com\/en\/wp-json\/wp\/v2\/comments?post=3294"}],"version-history":[{"count":1,"href":"https:\/\/texpera.com\/en\/wp-json\/wp\/v2\/pages\/3294\/revisions"}],"predecessor-version":[{"id":3295,"href":"https:\/\/texpera.com\/en\/wp-json\/wp\/v2\/pages\/3294\/revisions\/3295"}],"wp:attachment":[{"href":"https:\/\/texpera.com\/en\/wp-json\/wp\/v2\/media?parent=3294"}],"curies":[{"name":"wp","href":"https:\/\/api.w.org\/{rel}","templated":true}]}}